{"id":3,"date":"2025-10-09T16:26:05","date_gmt":"2025-10-09T14:26:05","guid":{"rendered":"https:\/\/staging.nextcom.info\/?page_id=3"},"modified":"2025-10-20T16:51:21","modified_gmt":"2025-10-20T14:51:21","slug":"privacy-policy-2","status":"publish","type":"page","link":"https:\/\/nextcom.info\/en\/privacy-policy-2\/","title":{"rendered":"Privacy Policy"},"content":{"rendered":"<div data-elementor-type=\"wp-page\" data-elementor-id=\"3\" class=\"elementor elementor-3\">\n\t\t\t\t<div class=\"elementor-element elementor-element-2dc1221f e-flex e-con-boxed e-con e-parent\" data-id=\"2dc1221f\" data-element_type=\"container\" data-e-type=\"container\">\n\t\t\t\t\t<div class=\"e-con-inner\">\n\t\t\t\t<div class=\"elementor-element elementor-element-9e4b10c elementor-widget elementor-widget-text-editor\" data-id=\"9e4b10c\" data-element_type=\"widget\" data-e-type=\"widget\" data-widget_type=\"text-editor.default\">\n\t\t\t\t\t\t\t\t\t\n<h1 class=\"wp-block-heading\">Privacy Policy<\/h1>\n<h5 class=\"wp-block-heading\">INFORMATIVA SUL TRATTAMENTO DEI DATI PERSONALI<br \/>SITO WEB: www.nextcom.info<\/h5>\n\n<p><strong><br \/>Premesso che:<br \/><\/strong>in osservanza a quanto previsto dal Regolamento UE n. 2016\/679 (di seguito \u201cGDPR\u201d) sulla protezione dei dati personali \u00e8 obbligatorio fornire all\u2019utente informazioni riguardanti il trattamento dei suoi dati personali quando accede e naviga sul sito web: www.nextcom.info, (di seguito \u201cSito).<\/p>\n\n<p><strong>Viene esplicitata la seguente informativa<\/strong><\/p>\n\n<p><strong>Cookie<\/strong><br \/>Un cookie \u00e8 un file di testo di piccole dimensioni trasferito dal server al computer\/smartphone\/tablet dell\u2019utente, il cui scopo \u00e8 informare il server sugli accessi dell\u2019utente a quella determinata pagina web oltre a fornire ulteriori notizie che vengono ricavate dai parametri leggibili del sistema tramite funzioni contenute nella pagina web. I cookie trattengono dunque informazioni che possono essere considerate dati personali dell\u2019utente; per maggiori informazioni consultare la <a href=\"https:\/\/nextcom.info\/en\/cookie-policy\/\">Cookie Policy<\/a>.<\/p>\n\n<p><strong>Titolare del trattamento dei dati personali<\/strong><br \/>Il Titolare del trattamento dei dati personali (di seguito anche Titolare) \u00e8 NEXTCOM S.R.L. (di seguito anche \u201cAzienda\u201d), con sede in Via Paolo Bassi 29 \u2013 20159 MILANO (MI), contattabile al Telefono +390245478600 e tramite indirizzo e-mail info@nextcomitaly.com.<\/p>\n\n<p><strong>Dati personali trattati<\/strong><br \/>a. Dati di contatto<br \/>Tramite modulo di contatto disponibile sulla pagina \u201cContatti\u201d del sito web , il Titolare d\u00e0 la possibilit\u00e0 all\u2019utente di essere contattato per esigenze specifiche; vengono raccolti dati che l\u2019utente fornisce: nome e cognome, (obbligatori), nome azienda (obbligatoria), indirizzo e-mail (obbligatorio),\u00a0 telefono (obbligatorio), descrizione della richiesta (obbligatorio).<br \/>b. Dati di navigazione<br \/>Il sistema informatico preposto al funzionamento del sito web acquisisce nel corso del normale esercizio alcuni dati personali dell\u2019utente. Riguardano informazioni che non sono raccolte per essere associate a interessi identificati ma che per la loro natura potrebbero, attraverso ulteriori elaborazioni ed associazioni, permettere di identificare gli utenti. Si tratta di: indirizzi IP, codice numerico indicante lo stato di risposta dal server (es. errore ecc.), orario di richieste presentate per l\u2019accesso alle pagine e alla navigazione.<\/p>\n\n<p><strong>Finalit\u00e0 e base giuridica del trattamento dei dati personali<\/strong><br \/>I dati personali di contatto vengono trattati dal Titolare per rispondere alla richiesta dell\u2019utente, fornire informazioni di approfondimento e per l\u2019invio materiale informativo, commerciale e pubblicitario a mezzo e-mail. I dati personali di navigazione vengono trattati al solo fine di ricavare informazioni statistiche anonime sull\u2019uso del sito e per controllarne il corretto funzionamento. La base giuridica risiede nella libera ed espressa richiesta da parte dell\u2019utente.<\/p>\n\n<p><strong>Conferimento dei dati di contatto personali<\/strong><br \/>Il consenso dell\u2019utente al trattamento dei suoi dati personali di contatto \u2013 conferiti tramite Modulo di contatto \u2013 \u00e8 strettamente necessario per attuare le finalit\u00e0 di cui al punto 3 della presente informativa. Il rifiuto da parte dell\u2019utente di fornire il consenso al trattamento dei propri dati personali di contatto comporta l\u2019impossibilit\u00e0 di rispondere alla richiesta.<\/p>\n\n<p><strong>Modalit\u00e0 di trattamento dei dati personali e comunicazione<\/strong><br \/>I dati personali degli utenti sono trattati con l\u2019ausilio di strumenti informatici nel rispetto dei principi di correttezza, liceit\u00e0, trasparenza e riservatezza previsti dalla normativa vigente; inoltre non sono oggetto di processi decisionali automatizzati, n\u00e9 di alcun tipo di profilazione. I dati di contatto sono trattati dal Titolare e possono essere comunicati ad incaricati della Azienda che il Titolare ha autorizzato per il trattamento; non sono in alcuna forma comunicati a destinatari indeterminati.<\/p>\n\n<p><strong>Trasferimento dei dati personali<\/strong><br \/>I dati personali dell\u2019utente non sono trasferiti a Paesi terzi, n\u00e9 ad organizzazioni internazionali.<\/p>\n\n<p><strong>Tempi di conservazione dei dati personali<\/strong><br \/>Il Titolare del trattamento tratter\u00e0 i dati personali di contatto raccolti e li conserver\u00e0 per tutto il tempo necessario a perseguire le finalit\u00e0 di cui al punto 3 della presente informativa; qualora non fosse pi\u00f9 necessario conservarli, gli stessi verranno cancellati\/distrutti.<\/p>\n\n<p><strong>Diritti dell\u2019utente<\/strong><br \/>In base a quanto disposto dal GDPR e dal Decreto, l\u2019utente in qualunque momento pu\u00f2 chiedere al Titolare del trattamento di esercitare i seguenti diritti: diritto di accesso, diritto di rettifica, diritto alla cancellazione, diritto di limitazione al trattamento, obbligo di notifica in caso di rettifica o cancellazione dei dati personali o limitazione del trattamento, diritto alla portabilit\u00e0 dei dati; l\u2019esercizio di tali diritti va richiesto tramite comunicazione scritta al Titolare. L\u2019interessato pu\u00f2 proporre reclamo all\u2019Autorit\u00e0 di controllo dello Stato in cui risiede.<\/p>\n\t\t\t\t\t\t\t\t<\/div>\n\t\t\t\t\t<\/div>\n\t\t\t\t<\/div>\n\t\t\t\t<\/div>","protected":false},"excerpt":{"rendered":"<p>Privacy Policy INFORMATIVA SUL TRATTAMENTO DEI DATI PERSONALISITO WEB: www.nextcom.info Premesso che:in osservanza a quanto previsto dal Regolamento UE n. 2016\/679 (di seguito \u201cGDPR\u201d) sulla protezione dei dati personali \u00e8 obbligatorio fornire all\u2019utente informazioni riguardanti il trattamento dei suoi dati personali quando accede e naviga sul sito web: www.nextcom.info, (di seguito \u201cSito). Viene esplicitata la [&hellip;]<\/p>\n","protected":false},"author":1,"featured_media":0,"parent":0,"menu_order":0,"comment_status":"closed","ping_status":"closed","template":"elementor_header_footer","meta":{"iawp_total_views":5,"_joinchat":[],"footnotes":""},"class_list":["post-3","page","type-page","status-publish","hentry"],"_links":{"self":[{"href":"https:\/\/nextcom.info\/en\/wp-json\/wp\/v2\/pages\/3","targetHints":{"allow":["GET"]}}],"collection":[{"href":"https:\/\/nextcom.info\/en\/wp-json\/wp\/v2\/pages"}],"about":[{"href":"https:\/\/nextcom.info\/en\/wp-json\/wp\/v2\/types\/page"}],"author":[{"embeddable":true,"href":"https:\/\/nextcom.info\/en\/wp-json\/wp\/v2\/users\/1"}],"replies":[{"embeddable":true,"href":"https:\/\/nextcom.info\/en\/wp-json\/wp\/v2\/comments?post=3"}],"version-history":[{"count":23,"href":"https:\/\/nextcom.info\/en\/wp-json\/wp\/v2\/pages\/3\/revisions"}],"predecessor-version":[{"id":947,"href":"https:\/\/nextcom.info\/en\/wp-json\/wp\/v2\/pages\/3\/revisions\/947"}],"wp:attachment":[{"href":"https:\/\/nextcom.info\/en\/wp-json\/wp\/v2\/media?parent=3"}],"curies":[{"name":"wp","href":"https:\/\/api.w.org\/{rel}","templated":true}]}}